{"id":123,"date":"2020-03-18T15:57:38","date_gmt":"2020-03-18T14:57:38","guid":{"rendered":"https:\/\/hafner.dominikkonjedic.com\/?page_id=123"},"modified":"2021-08-20T18:17:40","modified_gmt":"2021-08-20T16:17:40","slug":"spalnice","status":"publish","type":"page","link":"https:\/\/mizarstvohafner.si\/?page_id=123","title":{"rendered":"Spalnice"},"content":{"rendered":"\n<p class=\"has-very-light-gray-color has-text-color\">Ste se naveli\u010dali svoje stare spalnice ali pa potrebujete novo otro\u0161ko sobo?<br><br>Izdelava in monta\u017ea spalnic in otro\u0161kih sob po naro\u010dilu. Pri na\u0161i izdelavi uporabljamo najkvalitetnej\u0161e materiale, vodila in okovja.<\/p>\n\n\n\nngg_shortcode_0_placeholder\n","protected":false},"excerpt":{"rendered":"<p>Ste se naveli\u010dali svoje stare spalnice ali pa potrebujete novo otro\u0161ko sobo? Izdelava in monta\u017ea spalnic in otro\u0161kih sob po naro\u010dilu. Pri na\u0161i izdelavi uporabljamo najkvalitetnej\u0161e materiale, vodila in okovja.<\/p>\n","protected":false},"author":1,"featured_media":0,"parent":0,"menu_order":0,"comment_status":"closed","ping_status":"closed","template":"no-sidebar.php","meta":{"ngg_post_thumbnail":0,"footnotes":""},"class_list":["post-123","page","type-page","status-publish","hentry"],"yoast_head":"<!-- This site is optimized with the Yoast SEO plugin v27.6 - https:\/\/yoast.com\/product\/yoast-seo-wordpress\/ -->\n<title>Spalnice &#8211; Mizarstvo Hafner<\/title>\n<meta name=\"robots\" content=\"index, follow, max-snippet:-1, max-image-preview:large, max-video-preview:-1\" \/>\n<link rel=\"canonical\" href=\"https:\/\/mizarstvohafner.si\/?page_id=123\" \/>\n<meta property=\"og:locale\" content=\"sl_SI\" \/>\n<meta property=\"og:type\" content=\"article\" \/>\n<meta property=\"og:title\" content=\"Spalnice &#8211; Mizarstvo Hafner\" \/>\n<meta property=\"og:description\" content=\"Ste se naveli\u010dali svoje stare spalnice ali pa potrebujete novo otro\u0161ko sobo? Izdelava in monta\u017ea spalnic in otro\u0161kih sob po naro\u010dilu. Pri na\u0161i izdelavi uporabljamo najkvalitetnej\u0161e materiale, vodila in okovja.\" \/>\n<meta property=\"og:url\" content=\"https:\/\/mizarstvohafner.si\/?page_id=123\" \/>\n<meta property=\"og:site_name\" content=\"Mizarstvo Hafner\" \/>\n<meta property=\"article:modified_time\" content=\"2021-08-20T16:17:40+00:00\" \/>\n<meta name=\"twitter:card\" content=\"summary_large_image\" \/>\n<meta name=\"twitter:label1\" content=\"Est. reading time\" \/>\n\t<meta name=\"twitter:data1\" content=\"1 minuta\" \/>\n<script type=\"application\/ld+json\" class=\"yoast-schema-graph\">{\"@context\":\"https:\\\/\\\/schema.org\",\"@graph\":[{\"@type\":\"WebPage\",\"@id\":\"https:\\\/\\\/mizarstvohafner.si\\\/?page_id=123\",\"url\":\"https:\\\/\\\/mizarstvohafner.si\\\/?page_id=123\",\"name\":\"Spalnice &#8211; Mizarstvo Hafner\",\"isPartOf\":{\"@id\":\"https:\\\/\\\/mizarstvohafner.si\\\/#website\"},\"datePublished\":\"2020-03-18T14:57:38+00:00\",\"dateModified\":\"2021-08-20T16:17:40+00:00\",\"breadcrumb\":{\"@id\":\"https:\\\/\\\/mizarstvohafner.si\\\/?page_id=123#breadcrumb\"},\"inLanguage\":\"sl-SI\",\"potentialAction\":[{\"@type\":\"ReadAction\",\"target\":[\"https:\\\/\\\/mizarstvohafner.si\\\/?page_id=123\"]}]},{\"@type\":\"BreadcrumbList\",\"@id\":\"https:\\\/\\\/mizarstvohafner.si\\\/?page_id=123#breadcrumb\",\"itemListElement\":[{\"@type\":\"ListItem\",\"position\":1,\"name\":\"Home\",\"item\":\"https:\\\/\\\/mizarstvohafner.si\\\/\"},{\"@type\":\"ListItem\",\"position\":2,\"name\":\"Spalnice\"}]},{\"@type\":\"WebSite\",\"@id\":\"https:\\\/\\\/mizarstvohafner.si\\\/#website\",\"url\":\"https:\\\/\\\/mizarstvohafner.si\\\/\",\"name\":\"Mizarstvo Hafner\",\"description\":\"Z vami \u017ee 70 let\",\"publisher\":{\"@id\":\"https:\\\/\\\/mizarstvohafner.si\\\/#organization\"},\"potentialAction\":[{\"@type\":\"SearchAction\",\"target\":{\"@type\":\"EntryPoint\",\"urlTemplate\":\"https:\\\/\\\/mizarstvohafner.si\\\/?s={search_term_string}\"},\"query-input\":{\"@type\":\"PropertyValueSpecification\",\"valueRequired\":true,\"valueName\":\"search_term_string\"}}],\"inLanguage\":\"sl-SI\"},{\"@type\":\"Organization\",\"@id\":\"https:\\\/\\\/mizarstvohafner.si\\\/#organization\",\"name\":\"Mizarstvo Hafner\",\"url\":\"https:\\\/\\\/mizarstvohafner.si\\\/\",\"logo\":{\"@type\":\"ImageObject\",\"inLanguage\":\"sl-SI\",\"@id\":\"https:\\\/\\\/mizarstvohafner.si\\\/#\\\/schema\\\/logo\\\/image\\\/\",\"url\":\"https:\\\/\\\/mizarstvohafner.si\\\/wp-content\\\/uploads\\\/2020\\\/03\\\/Hafner_Logo1.png\",\"contentUrl\":\"https:\\\/\\\/mizarstvohafner.si\\\/wp-content\\\/uploads\\\/2020\\\/03\\\/Hafner_Logo1.png\",\"width\":353,\"height\":64,\"caption\":\"Mizarstvo Hafner\"},\"image\":{\"@id\":\"https:\\\/\\\/mizarstvohafner.si\\\/#\\\/schema\\\/logo\\\/image\\\/\"}}]}<\/script>\n<!-- \/ Yoast SEO plugin. -->","yoast_head_json":{"title":"Spalnice &#8211; Mizarstvo Hafner","robots":{"index":"index","follow":"follow","max-snippet":"max-snippet:-1","max-image-preview":"max-image-preview:large","max-video-preview":"max-video-preview:-1"},"canonical":"https:\/\/mizarstvohafner.si\/?page_id=123","og_locale":"sl_SI","og_type":"article","og_title":"Spalnice &#8211; Mizarstvo Hafner","og_description":"Ste se naveli\u010dali svoje stare spalnice ali pa potrebujete novo otro\u0161ko sobo? Izdelava in monta\u017ea spalnic in otro\u0161kih sob po naro\u010dilu. Pri na\u0161i izdelavi uporabljamo najkvalitetnej\u0161e materiale, vodila in okovja.","og_url":"https:\/\/mizarstvohafner.si\/?page_id=123","og_site_name":"Mizarstvo Hafner","article_modified_time":"2021-08-20T16:17:40+00:00","twitter_card":"summary_large_image","twitter_misc":{"Est. reading time":"1 minuta"},"schema":{"@context":"https:\/\/schema.org","@graph":[{"@type":"WebPage","@id":"https:\/\/mizarstvohafner.si\/?page_id=123","url":"https:\/\/mizarstvohafner.si\/?page_id=123","name":"Spalnice &#8211; Mizarstvo Hafner","isPartOf":{"@id":"https:\/\/mizarstvohafner.si\/#website"},"datePublished":"2020-03-18T14:57:38+00:00","dateModified":"2021-08-20T16:17:40+00:00","breadcrumb":{"@id":"https:\/\/mizarstvohafner.si\/?page_id=123#breadcrumb"},"inLanguage":"sl-SI","potentialAction":[{"@type":"ReadAction","target":["https:\/\/mizarstvohafner.si\/?page_id=123"]}]},{"@type":"BreadcrumbList","@id":"https:\/\/mizarstvohafner.si\/?page_id=123#breadcrumb","itemListElement":[{"@type":"ListItem","position":1,"name":"Home","item":"https:\/\/mizarstvohafner.si\/"},{"@type":"ListItem","position":2,"name":"Spalnice"}]},{"@type":"WebSite","@id":"https:\/\/mizarstvohafner.si\/#website","url":"https:\/\/mizarstvohafner.si\/","name":"Mizarstvo Hafner","description":"Z vami \u017ee 70 let","publisher":{"@id":"https:\/\/mizarstvohafner.si\/#organization"},"potentialAction":[{"@type":"SearchAction","target":{"@type":"EntryPoint","urlTemplate":"https:\/\/mizarstvohafner.si\/?s={search_term_string}"},"query-input":{"@type":"PropertyValueSpecification","valueRequired":true,"valueName":"search_term_string"}}],"inLanguage":"sl-SI"},{"@type":"Organization","@id":"https:\/\/mizarstvohafner.si\/#organization","name":"Mizarstvo Hafner","url":"https:\/\/mizarstvohafner.si\/","logo":{"@type":"ImageObject","inLanguage":"sl-SI","@id":"https:\/\/mizarstvohafner.si\/#\/schema\/logo\/image\/","url":"https:\/\/mizarstvohafner.si\/wp-content\/uploads\/2020\/03\/Hafner_Logo1.png","contentUrl":"https:\/\/mizarstvohafner.si\/wp-content\/uploads\/2020\/03\/Hafner_Logo1.png","width":353,"height":64,"caption":"Mizarstvo Hafner"},"image":{"@id":"https:\/\/mizarstvohafner.si\/#\/schema\/logo\/image\/"}}]}},"_links":{"self":[{"href":"https:\/\/mizarstvohafner.si\/index.php?rest_route=\/wp\/v2\/pages\/123","targetHints":{"allow":["GET"]}}],"collection":[{"href":"https:\/\/mizarstvohafner.si\/index.php?rest_route=\/wp\/v2\/pages"}],"about":[{"href":"https:\/\/mizarstvohafner.si\/index.php?rest_route=\/wp\/v2\/types\/page"}],"author":[{"embeddable":true,"href":"https:\/\/mizarstvohafner.si\/index.php?rest_route=\/wp\/v2\/users\/1"}],"replies":[{"embeddable":true,"href":"https:\/\/mizarstvohafner.si\/index.php?rest_route=%2Fwp%2Fv2%2Fcomments&post=123"}],"version-history":[{"count":9,"href":"https:\/\/mizarstvohafner.si\/index.php?rest_route=\/wp\/v2\/pages\/123\/revisions"}],"predecessor-version":[{"id":1135,"href":"https:\/\/mizarstvohafner.si\/index.php?rest_route=\/wp\/v2\/pages\/123\/revisions\/1135"}],"wp:attachment":[{"href":"https:\/\/mizarstvohafner.si\/index.php?rest_route=%2Fwp%2Fv2%2Fmedia&parent=123"}],"curies":[{"name":"wp","href":"https:\/\/api.w.org\/{rel}","templated":true}]}}